{"id":3978,"date":"2024-10-15T10:30:15","date_gmt":"2024-10-15T08:30:15","guid":{"rendered":"https:\/\/www.fabrikusworld.com\/nos-hebergements-partenaires\/"},"modified":"2025-05-12T14:41:17","modified_gmt":"2025-05-12T12:41:17","slug":"nos-hebergements-partenaires","status":"publish","type":"page","link":"https:\/\/www.fabrikusworld.com\/en\/nos-hebergements-partenaires\/","title":{"rendered":"Our partner accommodations"},"content":{"rendered":"<section class=\"s-partner s-space bg-white\" style=\"\">\n    <div class=\"container\">\n        <div class=\"row mb-5\">\n            <div class=\"col-md-8 mx-auto\">\n                <div class=\"heading text-center\">\n                    <h2>Discover our accommodation offer <\/h2>\n                    <p>Take advantage of our Fabrikus Savana+ package and book your stay at the Cap Soleil campsite, just a stone&#8217;s throw from the Fabrikus World theme park!  <br \/>\r\n<\/p>\n                <\/div>\n            <\/div>\n        <\/div>\n                    <div class=\"row\">\n                <div class=\"col-md-10 mx-auto partner-list\">\n                                            <div class=\"item\">\n                            <div class=\"row gx-0\">\n                                <div class=\"col-md-4\">\n                                    <figure class=\"w-100 h-100\"><img loading=\"lazy\" decoding=\"async\" width=\"768\" height=\"960\" src=\"https:\/\/www.fabrikusworld.com\/wp-content\/uploads\/2025\/02\/Offre-hebergement-768x960.jpeg\" class=\"object-fit-cover w-100 h-100\" alt=\"\" srcset=\"https:\/\/www.fabrikusworld.com\/wp-content\/uploads\/2025\/02\/Offre-hebergement-768x960.jpeg 768w, https:\/\/www.fabrikusworld.com\/wp-content\/uploads\/2025\/02\/Offre-hebergement-240x300.jpeg 240w, https:\/\/www.fabrikusworld.com\/wp-content\/uploads\/2025\/02\/Offre-hebergement-819x1024.jpeg 819w, https:\/\/www.fabrikusworld.com\/wp-content\/uploads\/2025\/02\/Offre-hebergement.jpeg 1080w\" sizes=\"auto, (max-width: 768px) 100vw, 768px\" \/><\/figure>\n                                <\/div>\n                                <div class=\"col-md-8\">\n                                    <div class=\"item__content\">\n                                        <div class=\"row gx-md-0 align-items-center\">\n                                            <div class=\"col-md-9 mb-5 mb-md-0\">\n                                                <h3 class=\"item__title\">Cap Soleil Camping &amp; Spa ****<\/h3>\n                                                <p class=\"mb-4\"><\/p>\n                                                <p>Pack Fabrikus SAVANA+ <br \/>\r\n<br \/>\r\nEnjoy a 3-day, 2-night stay in a comfortable mobile home when you book your SAVANA+ accommodation, including 4 admissions to the Fabrikus World theme park. <br \/>\r\n<br \/>\r\n*10% discount on all camping options, including bed linen rental, as well as at restaurants and the Fabrikus World souvenir store.  <\/p>\n                                            <\/div>\n                                                                                            <div class=\"col-md-3 d-flex justify-content-center justify-content-md-end\">\n                                                    <a href=\"https:\/\/thelisresa.webcamp.fr\/?camping=capsoleil&#038;lang=en&#038;PHPSESSID=9mepreq9vitcdi9s5k3qq02ia8\" class=\"btn btn-primary\" target=\"_blank\">Book your stay<\/a>\n                                                <\/div>\n                                                                                    <\/div>\n                                    <\/div>\n                                <\/div>\n                            <\/div>\n                        <\/div>\n                                    <\/div>\n            <\/div>\n            <\/div>\n<\/section>\n\n<section class=\"s-partner s-space bg-white\" style=\"\">\n    <div class=\"container\">\n        <div class=\"row mb-5\">\n            <div class=\"col-md-8 mx-auto\">\n                <div class=\"heading text-center\">\n                    <h2>Discover our partners<\/h2>\n                    <p>Book your overnight stay at one of these hotels and vacation homes, and you&#8217;ll be treated to a warm welcome.<\/p>\n                <\/div>\n            <\/div>\n        <\/div>\n                    <div class=\"row\">\n                <div class=\"col-md-10 mx-auto partner-list\">\n                                            <div class=\"item\">\n                            <div class=\"row gx-0\">\n                                <div class=\"col-md-4\">\n                                    <figure class=\"w-100 h-100\"><img loading=\"lazy\" decoding=\"async\" width=\"540\" height=\"312\" src=\"https:\/\/www.fabrikusworld.com\/wp-content\/uploads\/2024\/10\/Agde-ville-camping-4-etoiles-eden-villages.jpg\" class=\"object-fit-cover w-100 h-100\" alt=\"\" srcset=\"https:\/\/www.fabrikusworld.com\/wp-content\/uploads\/2024\/10\/Agde-ville-camping-4-etoiles-eden-villages.jpg 540w, https:\/\/www.fabrikusworld.com\/wp-content\/uploads\/2024\/10\/Agde-ville-camping-4-etoiles-eden-villages-300x173.jpg 300w\" sizes=\"auto, (max-width: 540px) 100vw, 540px\" \/><\/figure>\n                                <\/div>\n                                <div class=\"col-md-8\">\n                                    <div class=\"item__content\">\n                                        <div class=\"row gx-md-0 align-items-center\">\n                                            <div class=\"col-md-9 mb-5 mb-md-0\">\n                                                <h3 class=\"item__title\">Agde campsite association<\/h3>\n                                                <p class=\"mb-4\"><\/p>\n                                                <p>Enter the magic of Fabrikus World and book your accommodation in Agde at one of the park&#8217;s partner estates or campsites.<\/p>\n                                            <\/div>\n                                                                                            <div class=\"col-md-3 d-flex justify-content-center justify-content-md-end\">\n                                                    <a href=\"https:\/\/www.fabrikusworld.com\/en\/hebergements-partenaires\/hebergements-partenaires-agde\/\" class=\"btn btn-primary\" target=\"\">Discover<\/a>\n                                                <\/div>\n                                                                                    <\/div>\n                                    <\/div>\n                                <\/div>\n                            <\/div>\n                        <\/div>\n                                            <div class=\"item\">\n                            <div class=\"row gx-0\">\n                                <div class=\"col-md-4\">\n                                    <figure class=\"w-100 h-100\"><img loading=\"lazy\" decoding=\"async\" width=\"309\" height=\"187\" src=\"https:\/\/www.fabrikusworld.com\/wp-content\/uploads\/2024\/08\/img-11.jpg\" class=\"object-fit-cover w-100 h-100\" alt=\"\" srcset=\"https:\/\/www.fabrikusworld.com\/wp-content\/uploads\/2024\/08\/img-11.jpg 309w, https:\/\/www.fabrikusworld.com\/wp-content\/uploads\/2024\/08\/img-11-300x182.jpg 300w\" sizes=\"auto, (max-width: 309px) 100vw, 309px\" \/><\/figure>\n                                <\/div>\n                                <div class=\"col-md-8\">\n                                    <div class=\"item__content\">\n                                        <div class=\"row gx-md-0 align-items-center\">\n                                            <div class=\"col-md-9 mb-5 mb-md-0\">\n                                                <h3 class=\"item__title\">Vias Campsite Association  <\/h3>\n                                                <p class=\"mb-4\"><\/p>\n                                                <p>Enter the magic of Fabrikus World and book your accommodation in Vias at one of the park&#8217;s partner estates or campsites.<\/p>\n                                            <\/div>\n                                                                                            <div class=\"col-md-3 d-flex justify-content-center justify-content-md-end\">\n                                                    <a href=\"https:\/\/www.fabrikusworld.com\/en\/hebergements-partenaires\/hebergements-partenaires-vias\/\" class=\"btn btn-primary\" target=\"\">Discover<\/a>\n                                                <\/div>\n                                                                                    <\/div>\n                                    <\/div>\n                                <\/div>\n                            <\/div>\n                        <\/div>\n                                            <div class=\"item\">\n                            <div class=\"row gx-0\">\n                                <div class=\"col-md-4\">\n                                    <figure class=\"w-100 h-100\"><img loading=\"lazy\" decoding=\"async\" width=\"680\" height=\"453\" src=\"https:\/\/www.fabrikusworld.com\/wp-content\/uploads\/2024\/06\/481573-c1dd5f509ba3b7a50740d66d9be9-680x453-1.jpg\" class=\"object-fit-cover w-100 h-100\" alt=\"\" srcset=\"https:\/\/www.fabrikusworld.com\/wp-content\/uploads\/2024\/06\/481573-c1dd5f509ba3b7a50740d66d9be9-680x453-1.jpg 680w, https:\/\/www.fabrikusworld.com\/wp-content\/uploads\/2024\/06\/481573-c1dd5f509ba3b7a50740d66d9be9-680x453-1-300x200.jpg 300w\" sizes=\"auto, (max-width: 680px) 100vw, 680px\" \/><\/figure>\n                                <\/div>\n                                <div class=\"col-md-8\">\n                                    <div class=\"item__content\">\n                                        <div class=\"row gx-md-0 align-items-center\">\n                                            <div class=\"col-md-9 mb-5 mb-md-0\">\n                                                <h3 class=\"item__title\">Accommodation in Portiragnes<\/h3>\n                                                <p class=\"mb-4\"><\/p>\n                                                <p>Enter the magic of Fabrikus World and book your accommodation in Portiragnes at one of the park&#8217;s partner estates or campsites.<\/p>\n                                            <\/div>\n                                                                                            <div class=\"col-md-3 d-flex justify-content-center justify-content-md-end\">\n                                                    <a href=\"https:\/\/www.fabrikusworld.com\/en\/hebergements-partenaires\/hebergements-partenaires-a-portiragnes\/\" class=\"btn btn-primary\" target=\"\">Discover<\/a>\n                                                <\/div>\n                                                                                    <\/div>\n                                    <\/div>\n                                <\/div>\n                            <\/div>\n                        <\/div>\n                                            <div class=\"item\">\n                            <div class=\"row gx-0\">\n                                <div class=\"col-md-4\">\n                                    <figure class=\"w-100 h-100\"><img loading=\"lazy\" decoding=\"async\" width=\"680\" height=\"454\" src=\"https:\/\/www.fabrikusworld.com\/wp-content\/uploads\/2024\/06\/481573-b20140442ca660493a3b61a10adc-680x454-1.png\" class=\"object-fit-cover w-100 h-100\" alt=\"R\u00e9servez vos nuit\u00e9es dans l&#039;un de nos partenaires \u00e0 Valras-Plage\" srcset=\"https:\/\/www.fabrikusworld.com\/wp-content\/uploads\/2024\/06\/481573-b20140442ca660493a3b61a10adc-680x454-1.png 680w, https:\/\/www.fabrikusworld.com\/wp-content\/uploads\/2024\/06\/481573-b20140442ca660493a3b61a10adc-680x454-1-300x200.png 300w\" sizes=\"auto, (max-width: 680px) 100vw, 680px\" \/><\/figure>\n                                <\/div>\n                                <div class=\"col-md-8\">\n                                    <div class=\"item__content\">\n                                        <div class=\"row gx-md-0 align-items-center\">\n                                            <div class=\"col-md-9 mb-5 mb-md-0\">\n                                                <h3 class=\"item__title\">Accommodation in Valras-Plage<\/h3>\n                                                <p class=\"mb-4\"><\/p>\n                                                <p>Enter the magic of Fabrikus World and book your accommodation in Valras-Plage at one of the park&#8217;s partner estates or campsites.<\/p>\n                                            <\/div>\n                                                                                            <div class=\"col-md-3 d-flex justify-content-center justify-content-md-end\">\n                                                    <a href=\"https:\/\/www.fabrikusworld.com\/en\/hebergements-partenaires\/hebergements-partenaires-de-valras\/\" class=\"btn btn-primary\" target=\"\">Discover<\/a>\n                                                <\/div>\n                                                                                    <\/div>\n                                    <\/div>\n                                <\/div>\n                            <\/div>\n                        <\/div>\n                                            <div class=\"item\">\n                            <div class=\"row gx-0\">\n                                <div class=\"col-md-4\">\n                                    <figure class=\"w-100 h-100\"><img loading=\"lazy\" decoding=\"async\" width=\"768\" height=\"419\" src=\"https:\/\/www.fabrikusworld.com\/wp-content\/uploads\/2024\/10\/bn-768x419.jpg\" class=\"object-fit-cover w-100 h-100\" alt=\"\" srcset=\"https:\/\/www.fabrikusworld.com\/wp-content\/uploads\/2024\/10\/bn-768x419.jpg 768w, https:\/\/www.fabrikusworld.com\/wp-content\/uploads\/2024\/10\/bn-300x164.jpg 300w, https:\/\/www.fabrikusworld.com\/wp-content\/uploads\/2024\/10\/bn-1024x559.jpg 1024w, https:\/\/www.fabrikusworld.com\/wp-content\/uploads\/2024\/10\/bn-1536x838.jpg 1536w, https:\/\/www.fabrikusworld.com\/wp-content\/uploads\/2024\/10\/bn-2048x1118.jpg 2048w\" sizes=\"auto, (max-width: 768px) 100vw, 768px\" \/><\/figure>\n                                <\/div>\n                                <div class=\"col-md-8\">\n                                    <div class=\"item__content\">\n                                        <div class=\"row gx-md-0 align-items-center\">\n                                            <div class=\"col-md-9 mb-5 mb-md-0\">\n                                                <h3 class=\"item__title\">Conciergerie<\/h3>\n                                                <p class=\"mb-4\"><\/p>\n                                                <p>Enter the magic of Fabrikus World and book your accommodation with our concierge partners in Occitanie!<\/p>\n                                            <\/div>\n                                                                                            <div class=\"col-md-3 d-flex justify-content-center justify-content-md-end\">\n                                                    <a href=\"https:\/\/www.fabrikusworld.com\/en\/hebergements-partenaires\/hebergements-partenaires-conciergerie\/\" class=\"btn btn-primary\" target=\"\">Discover<\/a>\n                                                <\/div>\n                                                                                    <\/div>\n                                    <\/div>\n                                <\/div>\n                            <\/div>\n                        <\/div>\n                                    <\/div>\n            <\/div>\n            <\/div>\n<\/section>","protected":false},"excerpt":{"rendered":"","protected":false},"author":3,"featured_media":1470,"parent":0,"menu_order":0,"comment_status":"closed","ping_status":"closed","template":"","meta":{"_acf_changed":false,"footnotes":""},"class_list":["post-3978","page","type-page","status-publish","has-post-thumbnail","hentry"],"acf":[],"yoast_head":"<!-- This site is optimized with the Yoast SEO plugin v27.3 - https:\/\/yoast.com\/product\/yoast-seo-wordpress\/ -->\n<title>Our partner accommodations - Fabrikus World<\/title>\n<meta name=\"description\" content=\"Experience the magic of Fabrikus World by booking your overnight stay in one of our partner accommodations in Occitanie.\" \/>\n<meta name=\"robots\" content=\"index, follow, max-snippet:-1, max-image-preview:large, max-video-preview:-1\" \/>\n<link rel=\"canonical\" href=\"https:\/\/www.fabrikusworld.com\/en\/nos-hebergements-partenaires\/\" \/>\n<meta property=\"og:locale\" content=\"en_US\" \/>\n<meta property=\"og:type\" content=\"article\" \/>\n<meta property=\"og:title\" content=\"Our partner accommodations - Fabrikus World\" \/>\n<meta property=\"og:description\" content=\"Experience the magic of Fabrikus World by booking your overnight stay in one of our partner accommodations in Occitanie.\" \/>\n<meta property=\"og:url\" content=\"https:\/\/www.fabrikusworld.com\/en\/nos-hebergements-partenaires\/\" \/>\n<meta property=\"og:site_name\" content=\"Fabrikus World\" \/>\n<meta property=\"article:modified_time\" content=\"2025-05-12T12:41:17+00:00\" \/>\n<meta property=\"og:image\" content=\"https:\/\/www.fabrikusworld.com\/wp-content\/uploads\/2024\/06\/481573-e4b9eac601c9564e7a833b66f6ad-1920x1079-1.jpg\" \/>\n\t<meta property=\"og:image:width\" content=\"1920\" \/>\n\t<meta property=\"og:image:height\" content=\"1079\" \/>\n\t<meta property=\"og:image:type\" content=\"image\/jpeg\" \/>\n<meta name=\"twitter:card\" content=\"summary_large_image\" \/>\n<meta name=\"twitter:label1\" content=\"Est. reading time\" \/>\n\t<meta name=\"twitter:data1\" content=\"1 minute\" \/>\n<script type=\"application\/ld+json\" class=\"yoast-schema-graph\">{\"@context\":\"https:\\\/\\\/schema.org\",\"@graph\":[{\"@type\":\"WebPage\",\"@id\":\"https:\\\/\\\/www.fabrikusworld.com\\\/en\\\/nos-hebergements-partenaires\\\/\",\"url\":\"https:\\\/\\\/www.fabrikusworld.com\\\/en\\\/nos-hebergements-partenaires\\\/\",\"name\":\"Our partner accommodations - Fabrikus World\",\"isPartOf\":{\"@id\":\"https:\\\/\\\/www.fabrikusworld.com\\\/#website\"},\"primaryImageOfPage\":{\"@id\":\"https:\\\/\\\/www.fabrikusworld.com\\\/en\\\/nos-hebergements-partenaires\\\/#primaryimage\"},\"image\":{\"@id\":\"https:\\\/\\\/www.fabrikusworld.com\\\/en\\\/nos-hebergements-partenaires\\\/#primaryimage\"},\"thumbnailUrl\":\"https:\\\/\\\/www.fabrikusworld.com\\\/wp-content\\\/uploads\\\/2024\\\/06\\\/481573-e4b9eac601c9564e7a833b66f6ad-1920x1079-1.jpg\",\"datePublished\":\"2024-10-15T08:30:15+00:00\",\"dateModified\":\"2025-05-12T12:41:17+00:00\",\"description\":\"Experience the magic of Fabrikus World by booking your overnight stay in one of our partner accommodations in Occitanie.\",\"breadcrumb\":{\"@id\":\"https:\\\/\\\/www.fabrikusworld.com\\\/en\\\/nos-hebergements-partenaires\\\/#breadcrumb\"},\"inLanguage\":\"en-US\",\"potentialAction\":[{\"@type\":\"ReadAction\",\"target\":[\"https:\\\/\\\/www.fabrikusworld.com\\\/en\\\/nos-hebergements-partenaires\\\/\"]}]},{\"@type\":\"ImageObject\",\"inLanguage\":\"en-US\",\"@id\":\"https:\\\/\\\/www.fabrikusworld.com\\\/en\\\/nos-hebergements-partenaires\\\/#primaryimage\",\"url\":\"https:\\\/\\\/www.fabrikusworld.com\\\/wp-content\\\/uploads\\\/2024\\\/06\\\/481573-e4b9eac601c9564e7a833b66f6ad-1920x1079-1.jpg\",\"contentUrl\":\"https:\\\/\\\/www.fabrikusworld.com\\\/wp-content\\\/uploads\\\/2024\\\/06\\\/481573-e4b9eac601c9564e7a833b66f6ad-1920x1079-1.jpg\",\"width\":1920,\"height\":1079},{\"@type\":\"BreadcrumbList\",\"@id\":\"https:\\\/\\\/www.fabrikusworld.com\\\/en\\\/nos-hebergements-partenaires\\\/#breadcrumb\",\"itemListElement\":[{\"@type\":\"ListItem\",\"position\":1,\"name\":\"Home\",\"item\":\"https:\\\/\\\/www.fabrikusworld.com\\\/en\\\/\"},{\"@type\":\"ListItem\",\"position\":2,\"name\":\"Our partner accommodations\"}]},{\"@type\":\"WebSite\",\"@id\":\"https:\\\/\\\/www.fabrikusworld.com\\\/#website\",\"url\":\"https:\\\/\\\/www.fabrikusworld.com\\\/\",\"name\":\"Fabrikus World\",\"description\":\"\",\"publisher\":{\"@id\":\"https:\\\/\\\/www.fabrikusworld.com\\\/#organization\"},\"potentialAction\":[{\"@type\":\"SearchAction\",\"target\":{\"@type\":\"EntryPoint\",\"urlTemplate\":\"https:\\\/\\\/www.fabrikusworld.com\\\/?s={search_term_string}\"},\"query-input\":{\"@type\":\"PropertyValueSpecification\",\"valueRequired\":true,\"valueName\":\"search_term_string\"}}],\"inLanguage\":\"en-US\"},{\"@type\":\"Organization\",\"@id\":\"https:\\\/\\\/www.fabrikusworld.com\\\/#organization\",\"name\":\"Fabrikus World\",\"url\":\"https:\\\/\\\/www.fabrikusworld.com\\\/\",\"logo\":{\"@type\":\"ImageObject\",\"inLanguage\":\"en-US\",\"@id\":\"https:\\\/\\\/www.fabrikusworld.com\\\/#\\\/schema\\\/logo\\\/image\\\/\",\"url\":\"https:\\\/\\\/www.fabrikusworld.com\\\/wp-content\\\/uploads\\\/2024\\\/06\\\/FABRIKUS-LOGO-partenaires-blanc.png\",\"contentUrl\":\"https:\\\/\\\/www.fabrikusworld.com\\\/wp-content\\\/uploads\\\/2024\\\/06\\\/FABRIKUS-LOGO-partenaires-blanc.png\",\"width\":595,\"height\":425,\"caption\":\"Fabrikus World\"},\"image\":{\"@id\":\"https:\\\/\\\/www.fabrikusworld.com\\\/#\\\/schema\\\/logo\\\/image\\\/\"}}]}<\/script>\n<!-- \/ Yoast SEO plugin. -->","yoast_head_json":{"title":"Our partner accommodations - Fabrikus World","description":"Experience the magic of Fabrikus World by booking your overnight stay in one of our partner accommodations in Occitanie.","robots":{"index":"index","follow":"follow","max-snippet":"max-snippet:-1","max-image-preview":"max-image-preview:large","max-video-preview":"max-video-preview:-1"},"canonical":"https:\/\/www.fabrikusworld.com\/en\/nos-hebergements-partenaires\/","og_locale":"en_US","og_type":"article","og_title":"Our partner accommodations - Fabrikus World","og_description":"Experience the magic of Fabrikus World by booking your overnight stay in one of our partner accommodations in Occitanie.","og_url":"https:\/\/www.fabrikusworld.com\/en\/nos-hebergements-partenaires\/","og_site_name":"Fabrikus World","article_modified_time":"2025-05-12T12:41:17+00:00","og_image":[{"width":1920,"height":1079,"url":"https:\/\/www.fabrikusworld.com\/wp-content\/uploads\/2024\/06\/481573-e4b9eac601c9564e7a833b66f6ad-1920x1079-1.jpg","type":"image\/jpeg"}],"twitter_card":"summary_large_image","twitter_misc":{"Est. reading time":"1 minute"},"schema":{"@context":"https:\/\/schema.org","@graph":[{"@type":"WebPage","@id":"https:\/\/www.fabrikusworld.com\/en\/nos-hebergements-partenaires\/","url":"https:\/\/www.fabrikusworld.com\/en\/nos-hebergements-partenaires\/","name":"Our partner accommodations - Fabrikus World","isPartOf":{"@id":"https:\/\/www.fabrikusworld.com\/#website"},"primaryImageOfPage":{"@id":"https:\/\/www.fabrikusworld.com\/en\/nos-hebergements-partenaires\/#primaryimage"},"image":{"@id":"https:\/\/www.fabrikusworld.com\/en\/nos-hebergements-partenaires\/#primaryimage"},"thumbnailUrl":"https:\/\/www.fabrikusworld.com\/wp-content\/uploads\/2024\/06\/481573-e4b9eac601c9564e7a833b66f6ad-1920x1079-1.jpg","datePublished":"2024-10-15T08:30:15+00:00","dateModified":"2025-05-12T12:41:17+00:00","description":"Experience the magic of Fabrikus World by booking your overnight stay in one of our partner accommodations in Occitanie.","breadcrumb":{"@id":"https:\/\/www.fabrikusworld.com\/en\/nos-hebergements-partenaires\/#breadcrumb"},"inLanguage":"en-US","potentialAction":[{"@type":"ReadAction","target":["https:\/\/www.fabrikusworld.com\/en\/nos-hebergements-partenaires\/"]}]},{"@type":"ImageObject","inLanguage":"en-US","@id":"https:\/\/www.fabrikusworld.com\/en\/nos-hebergements-partenaires\/#primaryimage","url":"https:\/\/www.fabrikusworld.com\/wp-content\/uploads\/2024\/06\/481573-e4b9eac601c9564e7a833b66f6ad-1920x1079-1.jpg","contentUrl":"https:\/\/www.fabrikusworld.com\/wp-content\/uploads\/2024\/06\/481573-e4b9eac601c9564e7a833b66f6ad-1920x1079-1.jpg","width":1920,"height":1079},{"@type":"BreadcrumbList","@id":"https:\/\/www.fabrikusworld.com\/en\/nos-hebergements-partenaires\/#breadcrumb","itemListElement":[{"@type":"ListItem","position":1,"name":"Home","item":"https:\/\/www.fabrikusworld.com\/en\/"},{"@type":"ListItem","position":2,"name":"Our partner accommodations"}]},{"@type":"WebSite","@id":"https:\/\/www.fabrikusworld.com\/#website","url":"https:\/\/www.fabrikusworld.com\/","name":"Fabrikus World","description":"","publisher":{"@id":"https:\/\/www.fabrikusworld.com\/#organization"},"potentialAction":[{"@type":"SearchAction","target":{"@type":"EntryPoint","urlTemplate":"https:\/\/www.fabrikusworld.com\/?s={search_term_string}"},"query-input":{"@type":"PropertyValueSpecification","valueRequired":true,"valueName":"search_term_string"}}],"inLanguage":"en-US"},{"@type":"Organization","@id":"https:\/\/www.fabrikusworld.com\/#organization","name":"Fabrikus World","url":"https:\/\/www.fabrikusworld.com\/","logo":{"@type":"ImageObject","inLanguage":"en-US","@id":"https:\/\/www.fabrikusworld.com\/#\/schema\/logo\/image\/","url":"https:\/\/www.fabrikusworld.com\/wp-content\/uploads\/2024\/06\/FABRIKUS-LOGO-partenaires-blanc.png","contentUrl":"https:\/\/www.fabrikusworld.com\/wp-content\/uploads\/2024\/06\/FABRIKUS-LOGO-partenaires-blanc.png","width":595,"height":425,"caption":"Fabrikus World"},"image":{"@id":"https:\/\/www.fabrikusworld.com\/#\/schema\/logo\/image\/"}}]}},"_links":{"self":[{"href":"https:\/\/www.fabrikusworld.com\/en\/wp-json\/wp\/v2\/pages\/3978","targetHints":{"allow":["GET"]}}],"collection":[{"href":"https:\/\/www.fabrikusworld.com\/en\/wp-json\/wp\/v2\/pages"}],"about":[{"href":"https:\/\/www.fabrikusworld.com\/en\/wp-json\/wp\/v2\/types\/page"}],"author":[{"embeddable":true,"href":"https:\/\/www.fabrikusworld.com\/en\/wp-json\/wp\/v2\/users\/3"}],"replies":[{"embeddable":true,"href":"https:\/\/www.fabrikusworld.com\/en\/wp-json\/wp\/v2\/comments?post=3978"}],"version-history":[{"count":6,"href":"https:\/\/www.fabrikusworld.com\/en\/wp-json\/wp\/v2\/pages\/3978\/revisions"}],"predecessor-version":[{"id":4361,"href":"https:\/\/www.fabrikusworld.com\/en\/wp-json\/wp\/v2\/pages\/3978\/revisions\/4361"}],"wp:featuredmedia":[{"embeddable":true,"href":"https:\/\/www.fabrikusworld.com\/en\/wp-json\/wp\/v2\/media\/1470"}],"wp:attachment":[{"href":"https:\/\/www.fabrikusworld.com\/en\/wp-json\/wp\/v2\/media?parent=3978"}],"curies":[{"name":"wp","href":"https:\/\/api.w.org\/{rel}","templated":true}]}}