{"id":4040,"date":"2024-10-15T11:30:30","date_gmt":"2024-10-15T09:30:30","guid":{"rendered":"https:\/\/www.fabrikusworld.com\/nos-hebergements-partenaires\/hebergements-partenaires-de-valras\/"},"modified":"2025-04-28T17:04:57","modified_gmt":"2025-04-28T15:04:57","slug":"hebergements-partenaires-de-valras","status":"publish","type":"page","link":"https:\/\/www.fabrikusworld.com\/en\/nos-hebergements-partenaires\/hebergements-partenaires-de-valras\/","title":{"rendered":"Partner accommodations in Valras"},"content":{"rendered":"\n<div style=\"height:100px\" aria-hidden=\"true\" class=\"wp-block-spacer\"><\/div>\n\n<div class=\"wp-block-columns are-vertically-aligned-center is-layout-flex wp-container-core-columns-is-layout-9d6595d7 wp-block-columns-is-layout-flex\">\n<div class=\"wp-block-column is-layout-flow wp-block-column-is-layout-flow\"><div class=\"wp-block-image\">\n<figure class=\"aligncenter size-full is-resized\"><img loading=\"lazy\" decoding=\"async\" width=\"680\" height=\"733\" src=\"https:\/\/www.fabrikusworld.com\/wp-content\/uploads\/2024\/06\/europark-coul-003-680x733-1.png\" alt=\"\" class=\"wp-image-995\" style=\"width:236px;height:auto\" srcset=\"https:\/\/www.fabrikusworld.com\/wp-content\/uploads\/2024\/06\/europark-coul-003-680x733-1.png 680w, https:\/\/www.fabrikusworld.com\/wp-content\/uploads\/2024\/06\/europark-coul-003-680x733-1-278x300.png 278w\" sizes=\"auto, (max-width: 680px) 100vw, 680px\" \/><\/figure>\n<\/div><\/div>\n\n\n\n<div class=\"wp-block-column is-layout-flow wp-block-column-is-layout-flow\">\n<p><\/p>\n\n\n\n<p class=\"has-text-align-right\"><strong>Book your overnight stay at one of these hotels and vacation homes,<br\/>, and you&#8217;ll be treated to a warm welcome.<\/strong><\/p>\n<\/div>\n<\/div>\n<section id=vias class=\"s-partner s-space bg-white\" style=\"\">\n    <div class=\"container\">\n        <div class=\"row mb-5\">\n            <div class=\"col-md-8 mx-auto\">\n                <div class=\"heading text-center\">\n                    <h2>Partner accommodations in Valras  <\/h2>\n                    <p><\/p>\n                <\/div>\n            <\/div>\n        <\/div>\n                    <div class=\"row\">\n                <div class=\"col-md-10 mx-auto partner-list\">\n                                            <div class=\"item\">\n                            <div class=\"row gx-0\">\n                                <div class=\"col-md-4\">\n                                    <figure class=\"w-100 h-100\"><img loading=\"lazy\" decoding=\"async\" width=\"768\" height=\"512\" src=\"https:\/\/www.fabrikusworld.com\/wp-content\/uploads\/2024\/06\/481573-69ba0f3c13aae4191af95a0b49bd-2846x1898-1-768x512.jpg\" class=\"object-fit-cover w-100 h-100\" alt=\"H\u00e9bergement partenaires Fabrikus World - Domaine La Yole \u00e0 Valras-Plage\" srcset=\"https:\/\/www.fabrikusworld.com\/wp-content\/uploads\/2024\/06\/481573-69ba0f3c13aae4191af95a0b49bd-2846x1898-1-768x512.jpg 768w, https:\/\/www.fabrikusworld.com\/wp-content\/uploads\/2024\/06\/481573-69ba0f3c13aae4191af95a0b49bd-2846x1898-1-300x200.jpg 300w, https:\/\/www.fabrikusworld.com\/wp-content\/uploads\/2024\/06\/481573-69ba0f3c13aae4191af95a0b49bd-2846x1898-1-1024x683.jpg 1024w, https:\/\/www.fabrikusworld.com\/wp-content\/uploads\/2024\/06\/481573-69ba0f3c13aae4191af95a0b49bd-2846x1898-1-1536x1024.jpg 1536w, https:\/\/www.fabrikusworld.com\/wp-content\/uploads\/2024\/06\/481573-69ba0f3c13aae4191af95a0b49bd-2846x1898-1-2048x1366.jpg 2048w\" sizes=\"auto, (max-width: 768px) 100vw, 768px\" \/><\/figure>\n                                <\/div>\n                                <div class=\"col-md-8\">\n                                    <div class=\"item__content\">\n                                        <div class=\"row gx-md-0 align-items-center\">\n                                            <div class=\"col-md-9 mb-5 mb-md-0\">\n                                                <h3 class=\"item__title\">Siblu Villages Les Sables du Midi  <\/h3>\n                                                <p class=\"mb-4\">5 stars<\/p>\n                                                <p>Valras-Plage | Open from April to September<\/p>\n                                            <\/div>\n                                                                                            <div class=\"col-md-3 d-flex justify-content-center justify-content-md-end\">\n                                                    <a href=\"https:\/\/siblu.fr\/camping\/france\/mediterranee\/occitanie\/les-sables-du-midi\" class=\"btn btn-primary\" target=\"_blank\">See the site<\/a>\n                                                <\/div>\n                                                                                    <\/div>\n                                    <\/div>\n                                <\/div>\n                            <\/div>\n                        <\/div>\n                                            <div class=\"item\">\n                            <div class=\"row gx-0\">\n                                <div class=\"col-md-4\">\n                                    <figure class=\"w-100 h-100\"><img loading=\"lazy\" decoding=\"async\" width=\"680\" height=\"454\" src=\"https:\/\/www.fabrikusworld.com\/wp-content\/uploads\/2024\/06\/481573-b20140442ca660493a3b61a10adc-680x454-1.png\" class=\"object-fit-cover w-100 h-100\" alt=\"R\u00e9servez vos nuit\u00e9es dans l&#039;un de nos partenaires \u00e0 Valras-Plage\" srcset=\"https:\/\/www.fabrikusworld.com\/wp-content\/uploads\/2024\/06\/481573-b20140442ca660493a3b61a10adc-680x454-1.png 680w, https:\/\/www.fabrikusworld.com\/wp-content\/uploads\/2024\/06\/481573-b20140442ca660493a3b61a10adc-680x454-1-300x200.png 300w\" sizes=\"auto, (max-width: 680px) 100vw, 680px\" \/><\/figure>\n                                <\/div>\n                                <div class=\"col-md-8\">\n                                    <div class=\"item__content\">\n                                        <div class=\"row gx-md-0 align-items-center\">\n                                            <div class=\"col-md-9 mb-5 mb-md-0\">\n                                                <h3 class=\"item__title\">Camping Mas des Lavandes<\/h3>\n                                                <p class=\"mb-4\">4 stars  <\/p>\n                                                <p>Valras | Open all year round<\/p>\n                                            <\/div>\n                                                                                            <div class=\"col-md-3 d-flex justify-content-center justify-content-md-end\">\n                                                    <a href=\"http:\/\/www.masdeslavandes.fr\/\" class=\"btn btn-primary\" target=\"_blank\">See the site<\/a>\n                                                <\/div>\n                                                                                    <\/div>\n                                    <\/div>\n                                <\/div>\n                            <\/div>\n                        <\/div>\n                                            <div class=\"item\">\n                            <div class=\"row gx-0\">\n                                <div class=\"col-md-4\">\n                                    <figure class=\"w-100 h-100\"><img loading=\"lazy\" decoding=\"async\" width=\"768\" height=\"319\" src=\"https:\/\/www.fabrikusworld.com\/wp-content\/uploads\/2024\/06\/481573-bd29d6724a4734694a982834dc08-3926x1631-1-768x319.jpg\" class=\"object-fit-cover w-100 h-100\" alt=\"H\u00e9bergement partenaires Fabrikus World - Domaine La Yole \u00e0 Valras-Plage\" srcset=\"https:\/\/www.fabrikusworld.com\/wp-content\/uploads\/2024\/06\/481573-bd29d6724a4734694a982834dc08-3926x1631-1-768x319.jpg 768w, https:\/\/www.fabrikusworld.com\/wp-content\/uploads\/2024\/06\/481573-bd29d6724a4734694a982834dc08-3926x1631-1-300x125.jpg 300w, https:\/\/www.fabrikusworld.com\/wp-content\/uploads\/2024\/06\/481573-bd29d6724a4734694a982834dc08-3926x1631-1-1024x425.jpg 1024w, https:\/\/www.fabrikusworld.com\/wp-content\/uploads\/2024\/06\/481573-bd29d6724a4734694a982834dc08-3926x1631-1-1536x638.jpg 1536w, https:\/\/www.fabrikusworld.com\/wp-content\/uploads\/2024\/06\/481573-bd29d6724a4734694a982834dc08-3926x1631-1-2048x851.jpg 2048w\" sizes=\"auto, (max-width: 768px) 100vw, 768px\" \/><\/figure>\n                                <\/div>\n                                <div class=\"col-md-8\">\n                                    <div class=\"item__content\">\n                                        <div class=\"row gx-md-0 align-items-center\">\n                                            <div class=\"col-md-9 mb-5 mb-md-0\">\n                                                <h3 class=\"item__title\">Camping Domaine La Yole<\/h3>\n                                                <p class=\"mb-4\">5 stars<\/p>\n                                                <p>Valras-Plage | Open from April to September<\/p>\n                                            <\/div>\n                                                                                            <div class=\"col-md-3 d-flex justify-content-center justify-content-md-end\">\n                                                    <a href=\"https:\/\/www.campinglayole.com\/\" class=\"btn btn-primary\" target=\"_blank\">See the site<\/a>\n                                                <\/div>\n                                                                                    <\/div>\n                                    <\/div>\n                                <\/div>\n                            <\/div>\n                        <\/div>\n                                    <\/div>\n            <\/div>\n            <\/div>\n<\/section>","protected":false},"excerpt":{"rendered":"<p>Book your overnight stay at one of these hotels and vacation homes,, and you&#8217;ll be treated to a warm welcome.<\/p>\n","protected":false},"author":4,"featured_media":1429,"parent":3978,"menu_order":0,"comment_status":"closed","ping_status":"closed","template":"","meta":{"_acf_changed":false,"footnotes":""},"class_list":["post-4040","page","type-page","status-publish","has-post-thumbnail","hentry"],"acf":[],"yoast_head":"<!-- This site is optimized with the Yoast SEO plugin v27.3 - https:\/\/yoast.com\/product\/yoast-seo-wordpress\/ -->\n<title>Partner accommodations in Valras - Fabrikus World<\/title>\n<meta name=\"description\" content=\"Enter the magic of Fabrikus World and book your accommodation in Valras-Plage at one of the park&#039;s partner estates or campsites.\" \/>\n<meta name=\"robots\" content=\"index, follow, max-snippet:-1, max-image-preview:large, max-video-preview:-1\" \/>\n<link rel=\"canonical\" href=\"https:\/\/www.fabrikusworld.com\/en\/nos-hebergements-partenaires\/hebergements-partenaires-de-valras\/\" \/>\n<meta property=\"og:locale\" content=\"en_US\" \/>\n<meta property=\"og:type\" content=\"article\" \/>\n<meta property=\"og:title\" content=\"Partner accommodations in Valras - Fabrikus World\" \/>\n<meta property=\"og:description\" content=\"Enter the magic of Fabrikus World and book your accommodation in Valras-Plage at one of the park&#039;s partner estates or campsites.\" \/>\n<meta property=\"og:url\" content=\"https:\/\/www.fabrikusworld.com\/en\/nos-hebergements-partenaires\/hebergements-partenaires-de-valras\/\" \/>\n<meta property=\"og:site_name\" content=\"Fabrikus World\" \/>\n<meta property=\"article:modified_time\" content=\"2025-04-28T15:04:57+00:00\" \/>\n<meta property=\"og:image\" content=\"https:\/\/www.fabrikusworld.com\/wp-content\/uploads\/2024\/06\/481573-fe0e0fec14500e4fccee506c5bda-1200x800-1.jpg\" \/>\n\t<meta property=\"og:image:width\" content=\"1200\" \/>\n\t<meta property=\"og:image:height\" content=\"800\" \/>\n\t<meta property=\"og:image:type\" content=\"image\/jpeg\" \/>\n<meta name=\"twitter:card\" content=\"summary_large_image\" \/>\n<script type=\"application\/ld+json\" class=\"yoast-schema-graph\">{\"@context\":\"https:\\\/\\\/schema.org\",\"@graph\":[{\"@type\":\"WebPage\",\"@id\":\"https:\\\/\\\/www.fabrikusworld.com\\\/en\\\/nos-hebergements-partenaires\\\/hebergements-partenaires-de-valras\\\/\",\"url\":\"https:\\\/\\\/www.fabrikusworld.com\\\/en\\\/nos-hebergements-partenaires\\\/hebergements-partenaires-de-valras\\\/\",\"name\":\"Partner accommodations in Valras - Fabrikus World\",\"isPartOf\":{\"@id\":\"https:\\\/\\\/www.fabrikusworld.com\\\/#website\"},\"primaryImageOfPage\":{\"@id\":\"https:\\\/\\\/www.fabrikusworld.com\\\/en\\\/nos-hebergements-partenaires\\\/hebergements-partenaires-de-valras\\\/#primaryimage\"},\"image\":{\"@id\":\"https:\\\/\\\/www.fabrikusworld.com\\\/en\\\/nos-hebergements-partenaires\\\/hebergements-partenaires-de-valras\\\/#primaryimage\"},\"thumbnailUrl\":\"https:\\\/\\\/www.fabrikusworld.com\\\/wp-content\\\/uploads\\\/2024\\\/06\\\/481573-fe0e0fec14500e4fccee506c5bda-1200x800-1.jpg\",\"datePublished\":\"2024-10-15T09:30:30+00:00\",\"dateModified\":\"2025-04-28T15:04:57+00:00\",\"description\":\"Enter the magic of Fabrikus World and book your accommodation in Valras-Plage at one of the park's partner estates or campsites.\",\"breadcrumb\":{\"@id\":\"https:\\\/\\\/www.fabrikusworld.com\\\/en\\\/nos-hebergements-partenaires\\\/hebergements-partenaires-de-valras\\\/#breadcrumb\"},\"inLanguage\":\"en-US\",\"potentialAction\":[{\"@type\":\"ReadAction\",\"target\":[\"https:\\\/\\\/www.fabrikusworld.com\\\/en\\\/nos-hebergements-partenaires\\\/hebergements-partenaires-de-valras\\\/\"]}]},{\"@type\":\"ImageObject\",\"inLanguage\":\"en-US\",\"@id\":\"https:\\\/\\\/www.fabrikusworld.com\\\/en\\\/nos-hebergements-partenaires\\\/hebergements-partenaires-de-valras\\\/#primaryimage\",\"url\":\"https:\\\/\\\/www.fabrikusworld.com\\\/wp-content\\\/uploads\\\/2024\\\/06\\\/481573-fe0e0fec14500e4fccee506c5bda-1200x800-1.jpg\",\"contentUrl\":\"https:\\\/\\\/www.fabrikusworld.com\\\/wp-content\\\/uploads\\\/2024\\\/06\\\/481573-fe0e0fec14500e4fccee506c5bda-1200x800-1.jpg\",\"width\":1200,\"height\":800},{\"@type\":\"BreadcrumbList\",\"@id\":\"https:\\\/\\\/www.fabrikusworld.com\\\/en\\\/nos-hebergements-partenaires\\\/hebergements-partenaires-de-valras\\\/#breadcrumb\",\"itemListElement\":[{\"@type\":\"ListItem\",\"position\":1,\"name\":\"Home\",\"item\":\"https:\\\/\\\/www.fabrikusworld.com\\\/en\\\/\"},{\"@type\":\"ListItem\",\"position\":2,\"name\":\"Our partner accommodations\",\"item\":\"https:\\\/\\\/www.fabrikusworld.com\\\/en\\\/nos-hebergements-partenaires\\\/\"},{\"@type\":\"ListItem\",\"position\":3,\"name\":\"Partner accommodations in Valras\"}]},{\"@type\":\"WebSite\",\"@id\":\"https:\\\/\\\/www.fabrikusworld.com\\\/#website\",\"url\":\"https:\\\/\\\/www.fabrikusworld.com\\\/\",\"name\":\"Fabrikus World\",\"description\":\"\",\"publisher\":{\"@id\":\"https:\\\/\\\/www.fabrikusworld.com\\\/#organization\"},\"potentialAction\":[{\"@type\":\"SearchAction\",\"target\":{\"@type\":\"EntryPoint\",\"urlTemplate\":\"https:\\\/\\\/www.fabrikusworld.com\\\/?s={search_term_string}\"},\"query-input\":{\"@type\":\"PropertyValueSpecification\",\"valueRequired\":true,\"valueName\":\"search_term_string\"}}],\"inLanguage\":\"en-US\"},{\"@type\":\"Organization\",\"@id\":\"https:\\\/\\\/www.fabrikusworld.com\\\/#organization\",\"name\":\"Fabrikus World\",\"url\":\"https:\\\/\\\/www.fabrikusworld.com\\\/\",\"logo\":{\"@type\":\"ImageObject\",\"inLanguage\":\"en-US\",\"@id\":\"https:\\\/\\\/www.fabrikusworld.com\\\/#\\\/schema\\\/logo\\\/image\\\/\",\"url\":\"https:\\\/\\\/www.fabrikusworld.com\\\/wp-content\\\/uploads\\\/2024\\\/06\\\/FABRIKUS-LOGO-partenaires-blanc.png\",\"contentUrl\":\"https:\\\/\\\/www.fabrikusworld.com\\\/wp-content\\\/uploads\\\/2024\\\/06\\\/FABRIKUS-LOGO-partenaires-blanc.png\",\"width\":595,\"height\":425,\"caption\":\"Fabrikus World\"},\"image\":{\"@id\":\"https:\\\/\\\/www.fabrikusworld.com\\\/#\\\/schema\\\/logo\\\/image\\\/\"}}]}<\/script>\n<!-- \/ Yoast SEO plugin. -->","yoast_head_json":{"title":"Partner accommodations in Valras - Fabrikus World","description":"Enter the magic of Fabrikus World and book your accommodation in Valras-Plage at one of the park's partner estates or campsites.","robots":{"index":"index","follow":"follow","max-snippet":"max-snippet:-1","max-image-preview":"max-image-preview:large","max-video-preview":"max-video-preview:-1"},"canonical":"https:\/\/www.fabrikusworld.com\/en\/nos-hebergements-partenaires\/hebergements-partenaires-de-valras\/","og_locale":"en_US","og_type":"article","og_title":"Partner accommodations in Valras - Fabrikus World","og_description":"Enter the magic of Fabrikus World and book your accommodation in Valras-Plage at one of the park's partner estates or campsites.","og_url":"https:\/\/www.fabrikusworld.com\/en\/nos-hebergements-partenaires\/hebergements-partenaires-de-valras\/","og_site_name":"Fabrikus World","article_modified_time":"2025-04-28T15:04:57+00:00","og_image":[{"width":1200,"height":800,"url":"https:\/\/www.fabrikusworld.com\/wp-content\/uploads\/2024\/06\/481573-fe0e0fec14500e4fccee506c5bda-1200x800-1.jpg","type":"image\/jpeg"}],"twitter_card":"summary_large_image","schema":{"@context":"https:\/\/schema.org","@graph":[{"@type":"WebPage","@id":"https:\/\/www.fabrikusworld.com\/en\/nos-hebergements-partenaires\/hebergements-partenaires-de-valras\/","url":"https:\/\/www.fabrikusworld.com\/en\/nos-hebergements-partenaires\/hebergements-partenaires-de-valras\/","name":"Partner accommodations in Valras - Fabrikus World","isPartOf":{"@id":"https:\/\/www.fabrikusworld.com\/#website"},"primaryImageOfPage":{"@id":"https:\/\/www.fabrikusworld.com\/en\/nos-hebergements-partenaires\/hebergements-partenaires-de-valras\/#primaryimage"},"image":{"@id":"https:\/\/www.fabrikusworld.com\/en\/nos-hebergements-partenaires\/hebergements-partenaires-de-valras\/#primaryimage"},"thumbnailUrl":"https:\/\/www.fabrikusworld.com\/wp-content\/uploads\/2024\/06\/481573-fe0e0fec14500e4fccee506c5bda-1200x800-1.jpg","datePublished":"2024-10-15T09:30:30+00:00","dateModified":"2025-04-28T15:04:57+00:00","description":"Enter the magic of Fabrikus World and book your accommodation in Valras-Plage at one of the park's partner estates or campsites.","breadcrumb":{"@id":"https:\/\/www.fabrikusworld.com\/en\/nos-hebergements-partenaires\/hebergements-partenaires-de-valras\/#breadcrumb"},"inLanguage":"en-US","potentialAction":[{"@type":"ReadAction","target":["https:\/\/www.fabrikusworld.com\/en\/nos-hebergements-partenaires\/hebergements-partenaires-de-valras\/"]}]},{"@type":"ImageObject","inLanguage":"en-US","@id":"https:\/\/www.fabrikusworld.com\/en\/nos-hebergements-partenaires\/hebergements-partenaires-de-valras\/#primaryimage","url":"https:\/\/www.fabrikusworld.com\/wp-content\/uploads\/2024\/06\/481573-fe0e0fec14500e4fccee506c5bda-1200x800-1.jpg","contentUrl":"https:\/\/www.fabrikusworld.com\/wp-content\/uploads\/2024\/06\/481573-fe0e0fec14500e4fccee506c5bda-1200x800-1.jpg","width":1200,"height":800},{"@type":"BreadcrumbList","@id":"https:\/\/www.fabrikusworld.com\/en\/nos-hebergements-partenaires\/hebergements-partenaires-de-valras\/#breadcrumb","itemListElement":[{"@type":"ListItem","position":1,"name":"Home","item":"https:\/\/www.fabrikusworld.com\/en\/"},{"@type":"ListItem","position":2,"name":"Our partner accommodations","item":"https:\/\/www.fabrikusworld.com\/en\/nos-hebergements-partenaires\/"},{"@type":"ListItem","position":3,"name":"Partner accommodations in Valras"}]},{"@type":"WebSite","@id":"https:\/\/www.fabrikusworld.com\/#website","url":"https:\/\/www.fabrikusworld.com\/","name":"Fabrikus World","description":"","publisher":{"@id":"https:\/\/www.fabrikusworld.com\/#organization"},"potentialAction":[{"@type":"SearchAction","target":{"@type":"EntryPoint","urlTemplate":"https:\/\/www.fabrikusworld.com\/?s={search_term_string}"},"query-input":{"@type":"PropertyValueSpecification","valueRequired":true,"valueName":"search_term_string"}}],"inLanguage":"en-US"},{"@type":"Organization","@id":"https:\/\/www.fabrikusworld.com\/#organization","name":"Fabrikus World","url":"https:\/\/www.fabrikusworld.com\/","logo":{"@type":"ImageObject","inLanguage":"en-US","@id":"https:\/\/www.fabrikusworld.com\/#\/schema\/logo\/image\/","url":"https:\/\/www.fabrikusworld.com\/wp-content\/uploads\/2024\/06\/FABRIKUS-LOGO-partenaires-blanc.png","contentUrl":"https:\/\/www.fabrikusworld.com\/wp-content\/uploads\/2024\/06\/FABRIKUS-LOGO-partenaires-blanc.png","width":595,"height":425,"caption":"Fabrikus World"},"image":{"@id":"https:\/\/www.fabrikusworld.com\/#\/schema\/logo\/image\/"}}]}},"_links":{"self":[{"href":"https:\/\/www.fabrikusworld.com\/en\/wp-json\/wp\/v2\/pages\/4040","targetHints":{"allow":["GET"]}}],"collection":[{"href":"https:\/\/www.fabrikusworld.com\/en\/wp-json\/wp\/v2\/pages"}],"about":[{"href":"https:\/\/www.fabrikusworld.com\/en\/wp-json\/wp\/v2\/types\/page"}],"author":[{"embeddable":true,"href":"https:\/\/www.fabrikusworld.com\/en\/wp-json\/wp\/v2\/users\/4"}],"replies":[{"embeddable":true,"href":"https:\/\/www.fabrikusworld.com\/en\/wp-json\/wp\/v2\/comments?post=4040"}],"version-history":[{"count":1,"href":"https:\/\/www.fabrikusworld.com\/en\/wp-json\/wp\/v2\/pages\/4040\/revisions"}],"predecessor-version":[{"id":4041,"href":"https:\/\/www.fabrikusworld.com\/en\/wp-json\/wp\/v2\/pages\/4040\/revisions\/4041"}],"up":[{"embeddable":true,"href":"https:\/\/www.fabrikusworld.com\/en\/wp-json\/wp\/v2\/pages\/3978"}],"wp:featuredmedia":[{"embeddable":true,"href":"https:\/\/www.fabrikusworld.com\/en\/wp-json\/wp\/v2\/media\/1429"}],"wp:attachment":[{"href":"https:\/\/www.fabrikusworld.com\/en\/wp-json\/wp\/v2\/media?parent=4040"}],"curies":[{"name":"wp","href":"https:\/\/api.w.org\/{rel}","templated":true}]}}